{"id":44345,"date":"2025-09-01T15:13:50","date_gmt":"2025-09-01T12:13:50","guid":{"rendered":"https:\/\/ttk.gov.tr\/?page_id=44345"},"modified":"2025-09-01T15:20:41","modified_gmt":"2025-09-01T12:20:41","slug":"the-map-of-national-pact-misak-i-milli-map","status":"publish","type":"page","link":"https:\/\/ttk.gov.tr\/en\/the-map-of-national-pact-misak-i-milli-map\/","title":{"rendered":"The Map of National Pact (Misak-\u0131 Milli Map)"},"content":{"rendered":"\t\t<div data-elementor-type=\"wp-page\" data-elementor-id=\"44345\" class=\"elementor elementor-44345\" data-elementor-settings=\"{&quot;ha_cmc_init_switcher&quot;:&quot;no&quot;}\" data-elementor-post-type=\"page\">\n\t\t\t\t<div class=\"elementor-element elementor-element-e1f3173 e-flex e-con-boxed e-con e-parent\" data-id=\"e1f3173\" data-element_type=\"container\" data-e-type=\"container\" data-settings=\"{&quot;_ha_eqh_enable&quot;:false}\">\n\t\t\t\t\t<div class=\"e-con-inner\">\n\t\t\t\t<div class=\"elementor-element elementor-element-2775f09 elementor-widget elementor-widget-heading\" data-id=\"2775f09\" data-element_type=\"widget\" data-e-type=\"widget\" data-widget_type=\"heading.default\">\n\t\t\t\t<div class=\"elementor-widget-container\">\n\t\t\t\t\t<h3 class=\"elementor-heading-title elementor-size-default\">The Map of National Pact (Misak-\u0131 Milli Map)<\/h3>\t\t\t\t<\/div>\n\t\t\t\t<\/div>\n\t\t\t\t\t<\/div>\n\t\t\t\t<\/div>\n\t\t<div class=\"elementor-element elementor-element-6be473a e-flex e-con-boxed e-con e-parent\" data-id=\"6be473a\" data-element_type=\"container\" data-e-type=\"container\" data-settings=\"{&quot;_ha_eqh_enable&quot;:false}\">\n\t\t\t\t\t<div class=\"e-con-inner\">\n\t\t\t\t<div class=\"elementor-element elementor-element-27eeafd elementor-widget elementor-widget-spacer\" data-id=\"27eeafd\" data-element_type=\"widget\" data-e-type=\"widget\" data-widget_type=\"spacer.default\">\n\t\t\t\t<div class=\"elementor-widget-container\">\n\t\t\t\t\t\t\t<div class=\"elementor-spacer\">\n\t\t\t<div class=\"elementor-spacer-inner\"><\/div>\n\t\t<\/div>\n\t\t\t\t\t\t<\/div>\n\t\t\t\t<\/div>\n\t\t\t\t\t<\/div>\n\t\t\t\t<\/div>\n\t\t<div class=\"elementor-element elementor-element-ad3d087 e-flex e-con-boxed e-con e-parent\" data-id=\"ad3d087\" data-element_type=\"container\" data-e-type=\"container\" data-settings=\"{&quot;_ha_eqh_enable&quot;:false}\">\n\t\t\t\t\t<div class=\"e-con-inner\">\n\t\t\t\t<div class=\"elementor-element elementor-element-7661930 e-n-tabs-mobile elementor-widget elementor-widget-n-tabs\" data-id=\"7661930\" data-element_type=\"widget\" data-e-type=\"widget\" data-settings=\"{&quot;horizontal_scroll&quot;:&quot;disable&quot;}\" data-widget_type=\"nested-tabs.default\">\n\t\t\t\t<div class=\"elementor-widget-container\">\n\t\t\t\t\t\t\t<div class=\"e-n-tabs\" data-widget-number=\"124131632\" aria-label=\"Tabs. Open items with Enter or Space, close with Escape and navigate using the Arrow keys.\">\n\t\t\t<div class=\"e-n-tabs-heading\" role=\"tablist\">\n\t\t\t\t\t<button id=\"e-n-tab-title-1241316321\" data-tab-title-id=\"e-n-tab-title-1241316321\" class=\"e-n-tab-title elementor-animation-shrink\" aria-selected=\"true\" data-tab-index=\"1\" role=\"tab\" tabindex=\"0\" aria-controls=\"e-n-tab-content-1241316321\" style=\"--n-tabs-title-order: 1;\">\n\t\t\t\t\t\t<span class=\"e-n-tab-title-text\">\n\t\t\t\tOLD SCRIPT\t\t\t<\/span>\n\t\t<\/button>\n\t\t\t\t<button id=\"e-n-tab-title-1241316322\" data-tab-title-id=\"e-n-tab-title-1241316322\" class=\"e-n-tab-title elementor-animation-shrink\" aria-selected=\"false\" data-tab-index=\"2\" role=\"tab\" tabindex=\"-1\" aria-controls=\"e-n-tab-content-1241316322\" style=\"--n-tabs-title-order: 2;\">\n\t\t\t\t\t\t<span class=\"e-n-tab-title-text\">\n\t\t\t\tTRANSLATED SCRIPT\t\t\t<\/span>\n\t\t<\/button>\n\t\t\t\t<button id=\"e-n-tab-title-1241316323\" data-tab-title-id=\"e-n-tab-title-1241316323\" class=\"e-n-tab-title elementor-animation-shrink\" aria-selected=\"false\" data-tab-index=\"3\" role=\"tab\" tabindex=\"-1\" aria-controls=\"e-n-tab-content-1241316323\" style=\"--n-tabs-title-order: 3;\">\n\t\t\t\t\t\t<span class=\"e-n-tab-title-text\">\n\t\t\t\tM\u0130S\u00c2K-I M\u0130LL\u00ce AND M\u0130S\u00c2K-I M\u0130LL\u00ce MAP\t\t\t<\/span>\n\t\t<\/button>\n\t\t\t\t\t<\/div>\n\t\t\t<div class=\"e-n-tabs-content\">\n\t\t\t\t<div id=\"e-n-tab-content-1241316321\" role=\"tabpanel\" aria-labelledby=\"e-n-tab-title-1241316321\" data-tab-index=\"1\" style=\"--n-tabs-title-order: 1;\" class=\"e-active elementor-element elementor-element-bc569d3 e-con-full e-flex e-con e-child\" data-id=\"bc569d3\" data-element_type=\"container\" data-e-type=\"container\" data-settings=\"{&quot;_ha_eqh_enable&quot;:false}\">\n\t\t<div class=\"elementor-element elementor-element-ad92a36 e-flex e-con-boxed e-con e-child\" data-id=\"ad92a36\" data-element_type=\"container\" data-e-type=\"container\" data-settings=\"{&quot;_ha_eqh_enable&quot;:false}\">\n\t\t\t\t\t<div class=\"e-con-inner\">\n\t\t\t\t<div class=\"elementor-element elementor-element-fb945ec elementor-widget elementor-widget-ha-pdf-view happy-addon ha-pdf-view\" data-id=\"fb945ec\" data-element_type=\"widget\" data-e-type=\"widget\" data-widget_type=\"ha-pdf-view.default\">\n\t\t\t\t<div class=\"elementor-widget-container\">\n\t\t\t\t\t        <div class=\"pdf_viewer_container\">\n            <div class=\"pdf_viewer_options viewer-fb945ec\" data-pdf-settings=\"{&quot;unique_id&quot;:&quot;viewer-fb945ec&quot;,&quot;pdf_url&quot;:&quot;https:\\\/\\\/ttk.gov.tr\\\/wp-content\\\/uploads\\\/2024\\\/06\\\/MISAK-I-MILLI-HARITASI.pdf&quot;,&quot;file_type&quot;:&quot;upload_file&quot;,&quot;page_number&quot;:&quot;1&quot;,&quot;width&quot;:&quot;100%&quot;,&quot;height&quot;:&quot;600px&quot;}\">\n\t\t\t\t<span class=\"ha-title-flex\">\n\t\t\t\t\t<span class=\"pdf-icon\">\n\t\t\t\t\t\t\t\t\t\t\t<\/span>\n\t\t\t\t\t\t\t\t\t<\/span>\n\t\t\t\t                <div class=\"pdf-button\">\n                                <\/div>\n            <\/div>\n\n\t\t\t<div>\n\t\t\t\t<div id=\"viewer-fb945ec\"><\/div>\n\t\t\t<\/div>\n\n        <\/div>\n        \t\t\t\t<\/div>\n\t\t\t\t<\/div>\n\t\t\t\t\t<\/div>\n\t\t\t\t<\/div>\n\t\t\t\t<\/div>\n\t\t<div id=\"e-n-tab-content-1241316322\" role=\"tabpanel\" aria-labelledby=\"e-n-tab-title-1241316322\" data-tab-index=\"2\" style=\"--n-tabs-title-order: 2;\" class=\" elementor-element elementor-element-996b6ea e-con-full e-flex e-con e-child\" data-id=\"996b6ea\" data-element_type=\"container\" data-e-type=\"container\" data-settings=\"{&quot;_ha_eqh_enable&quot;:false}\">\n\t\t\t\t<div class=\"elementor-element elementor-element-2131cf8 elementor-widget elementor-widget-ha-pdf-view happy-addon ha-pdf-view\" data-id=\"2131cf8\" data-element_type=\"widget\" data-e-type=\"widget\" data-widget_type=\"ha-pdf-view.default\">\n\t\t\t\t<div class=\"elementor-widget-container\">\n\t\t\t\t\t        <div class=\"pdf_viewer_container\">\n            <div class=\"pdf_viewer_options viewer-2131cf8\" data-pdf-settings=\"{&quot;unique_id&quot;:&quot;viewer-2131cf8&quot;,&quot;pdf_url&quot;:&quot;https:\\\/\\\/ttk.gov.tr\\\/wp-content\\\/uploads\\\/2024\\\/06\\\/MISAK-I-MILLI-HARITASI-28.01.2022.pdf&quot;,&quot;file_type&quot;:&quot;upload_file&quot;,&quot;page_number&quot;:&quot;1&quot;,&quot;width&quot;:&quot;100%&quot;,&quot;height&quot;:&quot;600px&quot;}\">\n\t\t\t\t<span class=\"ha-title-flex\">\n\t\t\t\t\t<span class=\"pdf-icon\">\n\t\t\t\t\t\t\t\t\t\t\t<\/span>\n\t\t\t\t\t\t\t\t\t<\/span>\n\t\t\t\t                <div class=\"pdf-button\">\n                                <\/div>\n            <\/div>\n\n\t\t\t<div>\n\t\t\t\t<div id=\"viewer-2131cf8\"><\/div>\n\t\t\t<\/div>\n\n        <\/div>\n        \t\t\t\t<\/div>\n\t\t\t\t<\/div>\n\t\t\t\t<\/div>\n\t\t<div id=\"e-n-tab-content-1241316323\" role=\"tabpanel\" aria-labelledby=\"e-n-tab-title-1241316323\" data-tab-index=\"3\" style=\"--n-tabs-title-order: 3;\" class=\" elementor-element elementor-element-e9ef8f9 e-con-full e-flex e-con e-child\" data-id=\"e9ef8f9\" data-element_type=\"container\" data-e-type=\"container\" data-settings=\"{&quot;_ha_eqh_enable&quot;:false}\">\n\t\t\t\t<div class=\"elementor-element elementor-element-a3706d6 elementor-widget elementor-widget-ha-pdf-view happy-addon ha-pdf-view\" data-id=\"a3706d6\" data-element_type=\"widget\" data-e-type=\"widget\" data-widget_type=\"ha-pdf-view.default\">\n\t\t\t\t<div class=\"elementor-widget-container\">\n\t\t\t\t\t        <div class=\"pdf_viewer_container\">\n            <div class=\"pdf_viewer_options viewer-a3706d6\" data-pdf-settings=\"{&quot;unique_id&quot;:&quot;viewer-a3706d6&quot;,&quot;pdf_url&quot;:&quot;https:\\\/\\\/ttk.gov.tr\\\/wp-content\\\/uploads\\\/2025\\\/06\\\/Misak-i-Milli-Uzun-Metin-1.pdf&quot;,&quot;file_type&quot;:&quot;upload_file&quot;,&quot;page_number&quot;:&quot;1&quot;,&quot;width&quot;:&quot;100%&quot;,&quot;height&quot;:&quot;600px&quot;}\">\n\t\t\t\t<span class=\"ha-title-flex\">\n\t\t\t\t\t<span class=\"pdf-icon\">\n\t\t\t\t\t\t\t\t\t\t\t<\/span>\n\t\t\t\t\t\t\t\t\t<\/span>\n\t\t\t\t                <div class=\"pdf-button\">\n                                <\/div>\n            <\/div>\n\n\t\t\t<div>\n\t\t\t\t<div id=\"viewer-a3706d6\"><\/div>\n\t\t\t<\/div>\n\n        <\/div>\n        \t\t\t\t<\/div>\n\t\t\t\t<\/div>\n\t\t\t\t<\/div>\n\t\t\t\t\t<\/div>\n\t\t<\/div>\n\t\t\t\t\t\t<\/div>\n\t\t\t\t<\/div>\n\t\t\t\t\t<\/div>\n\t\t\t\t<\/div>\n\t\t\t\t<\/div>\n\t\t","protected":false},"excerpt":{"rendered":"<p>The Map of National Pact (Misak-\u0131 Milli Map) OLD SCRIPT TRANSLATED SCRIPT M\u0130S\u00c2K-I M\u0130LL\u00ce AND M\u0130S\u00c2K-I M\u0130LL\u00ce MAP<\/p>\n","protected":false},"author":1,"featured_media":0,"parent":0,"menu_order":0,"comment_status":"closed","ping_status":"closed","template":"","meta":{"footnotes":""},"class_list":["post-44345","page","type-page","status-publish","hentry"],"_links":{"self":[{"href":"https:\/\/ttk.gov.tr\/en\/wp-json\/wp\/v2\/pages\/44345","targetHints":{"allow":["GET"]}}],"collection":[{"href":"https:\/\/ttk.gov.tr\/en\/wp-json\/wp\/v2\/pages"}],"about":[{"href":"https:\/\/ttk.gov.tr\/en\/wp-json\/wp\/v2\/types\/page"}],"author":[{"embeddable":true,"href":"https:\/\/ttk.gov.tr\/en\/wp-json\/wp\/v2\/users\/1"}],"replies":[{"embeddable":true,"href":"https:\/\/ttk.gov.tr\/en\/wp-json\/wp\/v2\/comments?post=44345"}],"version-history":[{"count":3,"href":"https:\/\/ttk.gov.tr\/en\/wp-json\/wp\/v2\/pages\/44345\/revisions"}],"predecessor-version":[{"id":44354,"href":"https:\/\/ttk.gov.tr\/en\/wp-json\/wp\/v2\/pages\/44345\/revisions\/44354"}],"wp:attachment":[{"href":"https:\/\/ttk.gov.tr\/en\/wp-json\/wp\/v2\/media?parent=44345"}],"curies":[{"name":"wp","href":"https:\/\/api.w.org\/{rel}","templated":true}]}}