{"id":42638,"date":"2024-03-21T00:01:57","date_gmt":"2024-03-20T21:01:57","guid":{"rendered":"https:\/\/ttk.gov.tr\/?page_id=42638"},"modified":"2025-01-21T10:56:08","modified_gmt":"2025-01-21T07:56:08","slug":"baskan-yardimcisi","status":"publish","type":"page","link":"https:\/\/ttk.gov.tr\/en\/baskan-yardimcisi\/","title":{"rendered":"Deputy President"},"content":{"rendered":"\t\t<div data-elementor-type=\"wp-page\" data-elementor-id=\"42638\" class=\"elementor elementor-42638 elementor-1708\" data-elementor-settings=\"{&quot;ha_cmc_init_switcher&quot;:&quot;no&quot;}\" data-elementor-post-type=\"page\">\n\t\t\t\t<div class=\"elementor-element elementor-element-18799ec e-flex e-con-boxed e-con e-parent\" data-id=\"18799ec\" data-element_type=\"container\" data-e-type=\"container\" data-settings=\"{&quot;_ha_eqh_enable&quot;:false}\">\n\t\t\t\t\t<div class=\"e-con-inner\">\n\t\t\t\t<div class=\"elementor-element elementor-element-d3efa47 elementor-widget elementor-widget-image\" data-id=\"d3efa47\" data-element_type=\"widget\" data-e-type=\"widget\" data-widget_type=\"image.default\">\n\t\t\t\t<div class=\"elementor-widget-container\">\n\t\t\t\t\t\t\t\t\t\t\t\t\t\t\t<img fetchpriority=\"high\" decoding=\"async\" width=\"2152\" height=\"1046\" src=\"https:\/\/ttk.gov.tr\/wp-content\/uploads\/2024\/05\/dcdrynspustu.jpg\" class=\"attachment-full size-full wp-image-28574\" alt=\"\" srcset=\"https:\/\/ttk.gov.tr\/wp-content\/uploads\/2024\/05\/dcdrynspustu.jpg 2152w, https:\/\/ttk.gov.tr\/wp-content\/uploads\/2024\/05\/dcdrynspustu-300x146.jpg 300w, https:\/\/ttk.gov.tr\/wp-content\/uploads\/2024\/05\/dcdrynspustu-1030x501.jpg 1030w, https:\/\/ttk.gov.tr\/wp-content\/uploads\/2024\/05\/dcdrynspustu-768x373.jpg 768w, https:\/\/ttk.gov.tr\/wp-content\/uploads\/2024\/05\/dcdrynspustu-1536x747.jpg 1536w, https:\/\/ttk.gov.tr\/wp-content\/uploads\/2024\/05\/dcdrynspustu-2048x995.jpg 2048w\" sizes=\"(max-width: 2152px) 100vw, 2152px\" \/>\t\t\t\t\t\t\t\t\t\t\t\t\t\t\t<\/div>\n\t\t\t\t<\/div>\n\t\t\t\t<div class=\"elementor-element elementor-element-913f26b elementor-widget elementor-widget-text-editor\" data-id=\"913f26b\" data-element_type=\"widget\" data-e-type=\"widget\" data-widget_type=\"text-editor.default\">\n\t\t\t\t<div class=\"elementor-widget-container\">\n\t\t\t\t\t\t\t\t\t<h4 style=\"text-align: center;\"><strong>Do\u00e7. Dr. Yunus PUSTU<\/strong><\/h4><div id=\"meta-origin\" data-coolorigin=\"https%3A%2F%2Fbulut.ayk.gov.tr%2Fapps%2Frichdocumentscode%2Fproxy.php%3Freq%3D%2Fcool%2Fclipboard%3FWOPISrc%3Dhttps%253A%252F%252Fbulut.ayk.gov.tr%252Findex.php%252Fapps%252Frichdocuments%252Fwopi%252Ffiles%252F272480_ocn5fubwmqc3%26ServerId%3D0a8afe19%26ViewId%3D6%26Tag%3D151dd819b5753962\"><p class=\"western\" align=\"justify\"><span style=\"font-family: Times New Roman, serif;\"><span style=\"font-size: medium;\"><span lang=\"en-US\">Born in 1984 in Ma\u00e7ka district of Trabzon, Yunus PUSTU completed his primary and secondary education in Trabzon. He graduated from Atat\u00fcrk University, Department of History in 2007. In 2014, he completed his master&#8217;s degree at Karadeniz Technical University, Institute of Social Sciences with his thesis titled \u201cMuallim Associations in Turkey (1908-1928)\u201d; and in 2020, he completed his doctorate at Hacettepe University, Institute of Social Sciences with his thesis titled \u201cMigration and Settlement in Ankara from the 19th Century to the 20th Century (1856-1918)\u201d. In March 2024, he received the title of associate professor in the department of Atat\u00fcrk&#8217;s Principles and Republican History. Yunus PUSTU, who started as an Assistant Specialist at the Turkish Historical Society in 2013, became a Supreme Council Specialist in 2017. Between 2021-2023, he served as the Scientific Meeting and Event Coordinator; He served as the Director of Scientific Studies between 2023 and 2024. He was appointed Vice President of the Turkish Historical Society in March 2024.<\/span><\/span><\/span><\/p><p class=\"western\" align=\"justify\"><span style=\"font-family: Times New Roman, serif;\"><span style=\"font-size: medium;\"><span lang=\"en-US\">PUSTU, whose fields of study include migration, community formation and the Organization of Teachers, has two published books and numerous articles on these subjects.<\/span><\/span><\/span><\/p><\/div>\t\t\t\t\t\t\t\t<\/div>\n\t\t\t\t<\/div>\n\t\t\t\t\t<\/div>\n\t\t\t\t<\/div>\n\t\t\t\t<\/div>\n\t\t","protected":false},"excerpt":{"rendered":"<p>Do\u00e7. Dr. Yunus PUSTU Born in 1984 in Ma\u00e7ka district of Trabzon, Yunus PUSTU completed his primary and secondary education in Trabzon. He graduated from Atat\u00fcrk University, Department of History in 2007. In 2014, he completed his master&#8217;s degree at Karadeniz Technical University, Institute of Social Sciences with his thesis titled \u201cMuallim Associations in Turkey [&hellip;]<\/p>\n","protected":false},"author":4,"featured_media":0,"parent":0,"menu_order":0,"comment_status":"closed","ping_status":"closed","template":"","meta":{"footnotes":""},"class_list":["post-42638","page","type-page","status-publish","hentry"],"_links":{"self":[{"href":"https:\/\/ttk.gov.tr\/en\/wp-json\/wp\/v2\/pages\/42638","targetHints":{"allow":["GET"]}}],"collection":[{"href":"https:\/\/ttk.gov.tr\/en\/wp-json\/wp\/v2\/pages"}],"about":[{"href":"https:\/\/ttk.gov.tr\/en\/wp-json\/wp\/v2\/types\/page"}],"author":[{"embeddable":true,"href":"https:\/\/ttk.gov.tr\/en\/wp-json\/wp\/v2\/users\/4"}],"replies":[{"embeddable":true,"href":"https:\/\/ttk.gov.tr\/en\/wp-json\/wp\/v2\/comments?post=42638"}],"version-history":[{"count":4,"href":"https:\/\/ttk.gov.tr\/en\/wp-json\/wp\/v2\/pages\/42638\/revisions"}],"predecessor-version":[{"id":42642,"href":"https:\/\/ttk.gov.tr\/en\/wp-json\/wp\/v2\/pages\/42638\/revisions\/42642"}],"wp:attachment":[{"href":"https:\/\/ttk.gov.tr\/en\/wp-json\/wp\/v2\/media?parent=42638"}],"curies":[{"name":"wp","href":"https:\/\/api.w.org\/{rel}","templated":true}]}}