{"id":42633,"date":"2024-03-20T23:44:49","date_gmt":"2024-03-20T20:44:49","guid":{"rendered":"https:\/\/ttk.gov.tr\/?page_id=42633"},"modified":"2025-01-21T10:47:22","modified_gmt":"2025-01-21T07:47:22","slug":"baskan","status":"publish","type":"page","link":"https:\/\/ttk.gov.tr\/en\/baskan\/","title":{"rendered":"President"},"content":{"rendered":"\t\t<div data-elementor-type=\"wp-page\" data-elementor-id=\"42633\" class=\"elementor elementor-42633 elementor-1695\" data-elementor-settings=\"{&quot;ha_cmc_init_switcher&quot;:&quot;no&quot;}\" data-elementor-post-type=\"page\">\n\t\t\t\t<div class=\"elementor-element elementor-element-c73a2a4 e-flex e-con-boxed e-con e-parent\" data-id=\"c73a2a4\" data-element_type=\"container\" data-e-type=\"container\" data-settings=\"{&quot;_ha_eqh_enable&quot;:false}\">\n\t\t\t\t\t<div class=\"e-con-inner\">\n\t\t\t\t<div class=\"elementor-element elementor-element-6eb861a elementor-widget elementor-widget-image\" data-id=\"6eb861a\" data-element_type=\"widget\" data-e-type=\"widget\" data-widget_type=\"image.default\">\n\t\t\t\t<div class=\"elementor-widget-container\">\n\t\t\t\t\t\t\t\t\t\t\t\t\t\t\t<img fetchpriority=\"high\" decoding=\"async\" width=\"2152\" height=\"1046\" src=\"https:\/\/ttk.gov.tr\/wp-content\/uploads\/2024\/05\/Prof.-Dr.-Yuksel-OZGEN.jpg\" class=\"attachment-full size-full wp-image-28558\" alt=\"\" srcset=\"https:\/\/ttk.gov.tr\/wp-content\/uploads\/2024\/05\/Prof.-Dr.-Yuksel-OZGEN.jpg 2152w, https:\/\/ttk.gov.tr\/wp-content\/uploads\/2024\/05\/Prof.-Dr.-Yuksel-OZGEN-300x146.jpg 300w, https:\/\/ttk.gov.tr\/wp-content\/uploads\/2024\/05\/Prof.-Dr.-Yuksel-OZGEN-1030x501.jpg 1030w, https:\/\/ttk.gov.tr\/wp-content\/uploads\/2024\/05\/Prof.-Dr.-Yuksel-OZGEN-768x373.jpg 768w, https:\/\/ttk.gov.tr\/wp-content\/uploads\/2024\/05\/Prof.-Dr.-Yuksel-OZGEN-1536x747.jpg 1536w, https:\/\/ttk.gov.tr\/wp-content\/uploads\/2024\/05\/Prof.-Dr.-Yuksel-OZGEN-2048x995.jpg 2048w\" sizes=\"(max-width: 2152px) 100vw, 2152px\" \/>\t\t\t\t\t\t\t\t\t\t\t\t\t\t\t<\/div>\n\t\t\t\t<\/div>\n\t\t\t\t<div class=\"elementor-element elementor-element-0a4868b elementor-widget elementor-widget-text-editor\" data-id=\"0a4868b\" data-element_type=\"widget\" data-e-type=\"widget\" data-widget_type=\"text-editor.default\">\n\t\t\t\t<div class=\"elementor-widget-container\">\n\t\t\t\t\t\t\t\t\t<h4 style=\"text-align: center;\"><strong>Prof. Dr. Y\u00fcksel \u00d6ZGEN<\/strong><\/h4><p>He was born in 1971 in \u00c7orum where he completed his primary, secondary, and high school education. In 1993, he graduated from the History Department of Ankara University\u2019s Faculty of Language and History-Geography. In 1994, he was appointed as a Research Assistant at the History Department of K\u0131r\u0131kkale University. In 1995, he received his master\u2019s degree at Sel\u00e7uk University; in 2004, he received his Ph.D. at Hacettepe University Institute of Atat\u00fcrk\u2019s Principles and History of the Revolution.<br \/>In 1999, he started work as an archive specialist in the Presidency of the Republic of T\u00fcrkiye Directorate of State Archives. In 2000, he was appointed as an archive specialist in the General Secretariat of the Presidency for a while. In 2005, he was appointed as a lecturer at the University of Tirana, Albania, within the scope of the Turkish Cooperation and Coordination Agency (TIKA) Turcology Project. In the scope of the same project, he worked as a lecturer at the University of Bosnia-Herzegovina Tuzla in 2006. He started to work as a lecturer at \u00c7ank\u0131r\u0131 Karatekin University, Department of History, in 2009. Same year, he was appointed as chair of the Department of Atat\u00fcrk\u2019s Principles and Revolution History at the same university. Between 2014 and 2018, he served as a coordinator at \u00c7ank\u0131r\u0131 Municipality Dr. R\u0131fk\u0131 Kamil Urga \u00c7ank\u0131r\u0131 Research Center. Between 2016 and 2019, he was director of the Graduate School of Social Sciences at \u00c7ank\u0131r\u0131 University. In 2017, he received the title of Associate Professor, and in January 2023, he was appointed as Professor at K\u0131r\u0131kkale University.<br \/>In 2018, he was elected as a permanent member of the Science Board of the Atat\u00fcrk Research Center. In 2019, he was appointed as the Deputy President of the Atat\u00fcrk Supreme Council for Culture, Language and History. In September 2021, he was appointed as the President of the Atat\u00fcrk Research Center. On January 4, 2023, he was appointed as President of the Atat\u00fcrk Supreme Council for Culture, Language and History. With the Presidential Decree dated August 4, 2023, he was appointed as the President of the Turkish Historical Society.<br \/>His published works:<br \/>Ar\u015fiv Belgelerine G\u00f6re Atat\u00fcrk\u2019\u00fcn \u00c7ank\u0131r\u0131 Gezisi (\u00c7ank\u0131r\u0131 Belediyesi Yay\u0131n\u0131 2011)<br \/>Bir Milletin Atas\u0131na Vedas\u0131 (Atat\u00fcrk Ara\u015ft\u0131rma Merkezi Yay\u0131nlar\u0131 2013, \u0130kinci Bask\u0131 2022)<br \/>\u00c7ank\u0131r\u0131 Belediyesi Dr. R\u0131fk\u0131 Kamil Urga Ara\u015ft\u0131rma Merkezi Ar\u015fiv Katalo\u011fu (2015)<br \/>21 Kas\u0131m 1938\u2019in Sessiz Tan\u0131klar\u0131 (T\u00fcrk Tarih Kurumu Yay\u0131nlar\u0131 2020)<br \/>Selanik\u2019ten An\u0131tkabir\u2019e Gazi Mustafa Kemal Atat\u00fcrk-Sergi Katalo\u011fu (T\u00fcrk Tarih Kurumu Yay\u0131nlar\u0131, 2022)<\/p>\t\t\t\t\t\t\t\t<\/div>\n\t\t\t\t<\/div>\n\t\t\t\t\t<\/div>\n\t\t\t\t<\/div>\n\t\t<div class=\"elementor-element elementor-element-0f33d77 e-flex e-con-boxed e-con e-parent\" data-id=\"0f33d77\" data-element_type=\"container\" data-e-type=\"container\" data-settings=\"{&quot;_ha_eqh_enable&quot;:false}\">\n\t\t\t\t\t<div class=\"e-con-inner\">\n\t\t\t\t\t<\/div>\n\t\t\t\t<\/div>\n\t\t\t\t<\/div>\n\t\t","protected":false},"excerpt":{"rendered":"<p>Prof. Dr. Y\u00fcksel \u00d6ZGEN He was born in 1971 in \u00c7orum where he completed his primary, secondary, and high school education. In 1993, he graduated from the History Department of Ankara University\u2019s Faculty of Language and History-Geography. In 1994, he was appointed as a Research Assistant at the History Department of K\u0131r\u0131kkale University. In 1995, [&hellip;]<\/p>\n","protected":false},"author":4,"featured_media":0,"parent":0,"menu_order":0,"comment_status":"closed","ping_status":"closed","template":"","meta":{"footnotes":""},"class_list":["post-42633","page","type-page","status-publish","hentry"],"_links":{"self":[{"href":"https:\/\/ttk.gov.tr\/en\/wp-json\/wp\/v2\/pages\/42633","targetHints":{"allow":["GET"]}}],"collection":[{"href":"https:\/\/ttk.gov.tr\/en\/wp-json\/wp\/v2\/pages"}],"about":[{"href":"https:\/\/ttk.gov.tr\/en\/wp-json\/wp\/v2\/types\/page"}],"author":[{"embeddable":true,"href":"https:\/\/ttk.gov.tr\/en\/wp-json\/wp\/v2\/users\/4"}],"replies":[{"embeddable":true,"href":"https:\/\/ttk.gov.tr\/en\/wp-json\/wp\/v2\/comments?post=42633"}],"version-history":[{"count":4,"href":"https:\/\/ttk.gov.tr\/en\/wp-json\/wp\/v2\/pages\/42633\/revisions"}],"predecessor-version":[{"id":42637,"href":"https:\/\/ttk.gov.tr\/en\/wp-json\/wp\/v2\/pages\/42633\/revisions\/42637"}],"wp:attachment":[{"href":"https:\/\/ttk.gov.tr\/en\/wp-json\/wp\/v2\/media?parent=42633"}],"curies":[{"name":"wp","href":"https:\/\/api.w.org\/{rel}","templated":true}]}}